{"id":44,"date":"2020-02-14T14:05:26","date_gmt":"2020-02-14T13:05:26","guid":{"rendered":"http:\/\/v2lconsultant.fr\/?page_id=44"},"modified":"2025-03-23T13:30:44","modified_gmt":"2025-03-23T12:30:44","slug":"contact-v2l-consultant","status":"publish","type":"page","link":"https:\/\/v2lconsultant.fr\/index.php\/contact-v2l-consultant\/","title":{"rendered":"Contact"},"content":{"rendered":"\n<h1 class=\"wp-block-heading has-black-color has-text-color has-link-color has-large-font-size wp-elements-6ae4fe631b0236a86e547dae507190b4\"><strong>Coordonn\u00e9es<\/strong> <strong>V2L Consultant<\/strong><\/h1>\n\n\n\n<hr class=\"wp-block-separator has-alpha-channel-opacity\"\/>\n\n\n\n<div style=\"height:38px\" aria-hidden=\"true\" class=\"wp-block-spacer\"><\/div>\n\n\n\n<div class=\"wp-block-columns has-background is-layout-flex wp-container-core-columns-is-layout-9d6595d7 wp-block-columns-is-layout-flex\" style=\"background-color:#e2d4fc\">\n<div class=\"wp-block-column is-vertically-aligned-stretch has-large-font-size is-layout-flow wp-block-column-is-layout-flow\"><div class=\"wp-block-image\">\n<figure class=\"aligncenter size-large\"><img loading=\"lazy\" decoding=\"async\" width=\"1024\" height=\"683\" src=\"https:\/\/v2lconsultant.fr\/wp-content\/uploads\/2021\/03\/quino-al-8gWEAAXJjtI-unsplash-1024x683.jpg\" alt=\"Ancien appareil de t\u00e9l\u00e9phone \u00e0 touche et combin\u00e9\" class=\"wp-image-1100\" srcset=\"https:\/\/v2lconsultant.fr\/wp-content\/uploads\/2021\/03\/quino-al-8gWEAAXJjtI-unsplash-1024x683.jpg 1024w, https:\/\/v2lconsultant.fr\/wp-content\/uploads\/2021\/03\/quino-al-8gWEAAXJjtI-unsplash-300x200.jpg 300w, https:\/\/v2lconsultant.fr\/wp-content\/uploads\/2021\/03\/quino-al-8gWEAAXJjtI-unsplash-768x512.jpg 768w, https:\/\/v2lconsultant.fr\/wp-content\/uploads\/2021\/03\/quino-al-8gWEAAXJjtI-unsplash-1536x1024.jpg 1536w, https:\/\/v2lconsultant.fr\/wp-content\/uploads\/2021\/03\/quino-al-8gWEAAXJjtI-unsplash-2048x1365.jpg 2048w, https:\/\/v2lconsultant.fr\/wp-content\/uploads\/2021\/03\/quino-al-8gWEAAXJjtI-unsplash-scaled.jpg 1920w\" sizes=\"auto, (max-width: 1024px) 100vw, 1024px\" \/><\/figure>\n<\/div><\/div>\n\n\n\n<div class=\"wp-block-column is-vertically-aligned-center has-large-font-size is-layout-flow wp-block-column-is-layout-flow\">\n<p class=\"has-medium-font-size\"><strong>V\u00e9ronique Le Lann, consultant rh freelance, coach carri\u00e8re et bien-\u00eatre<\/strong><\/p>\n\n\n\n<p class=\"has-medium-font-size\"> <strong>Adresse :<\/strong> <strong>5 rue Maurice Labrousse 92160 ANTONY<\/strong><\/p>\n\n\n\n<p style=\"font-size:18px\"><em>RER B Antony, \u00e0 1 minute \u00e0 pied de la gare, Parking public en face<\/em><\/p>\n\n\n\n<p class=\"has-medium-font-size\"><strong>T\u00e9l: 07 62 96 79 03<\/strong><\/p>\n<\/div>\n<\/div>\n\n\n\n<div style=\"height:21px\" aria-hidden=\"true\" class=\"wp-block-spacer\"><\/div>\n\n\n\n<div class=\"wp-block-buttons is-content-justification-center is-layout-flex wp-container-core-buttons-is-layout-16018d1d wp-block-buttons-is-layout-flex\">\n<div class=\"wp-block-button has-custom-width wp-block-button__width-25\"><a class=\"wp-block-button__link has-black-color has-text-color has-background has-link-color wp-element-button\" href=\"https:\/\/www.google.com\/maps\/place\/V2L+Consultant\/@48.7544238,2.297819,15z\/data=!4m6!3m5!1s0x47e6714e6d168425:0xc2fa43ee6316ca03!8m2!3d48.7544238!4d2.297819!16s%2Fg%2F11jkm_9swg?hl=fr\" style=\"background-color:#c7b693\"><strong>Google Map<\/strong><\/a><\/div>\n<\/div>\n\n\n\n<div style=\"height:54px\" aria-hidden=\"true\" class=\"wp-block-spacer\"><\/div>\n\n\n\n<h1 class=\"wp-block-heading has-black-color has-text-color has-link-color has-large-font-size wp-elements-38221c4bb58925a9887c179f1802f6f6\"><strong>Prendre rendez-vous en ligne<\/strong><\/h1>\n\n\n\n<hr class=\"wp-block-separator has-alpha-channel-opacity\"\/>\n\n\n\n<div class=\"wp-block-columns has-background is-layout-flex wp-container-core-columns-is-layout-9d6595d7 wp-block-columns-is-layout-flex\" style=\"background-color:#b29ce4\">\n<div class=\"wp-block-column is-vertically-aligned-center is-layout-flow wp-block-column-is-layout-flow\">\n<div class=\"wp-block-buttons is-content-justification-center is-layout-flex wp-container-core-buttons-is-layout-16018d1d wp-block-buttons-is-layout-flex\">\n<div class=\"wp-block-button has-custom-width wp-block-button__width-75\"><a class=\"wp-block-button__link has-black-color has-text-color has-background has-link-color wp-element-button\" href=\"https:\/\/calendly.com\/v2lconsultant\/1er_contact\" style=\"background-color:#c7b693\"><strong>Prendre un<\/strong> <strong>RDV de 30 min<\/strong><\/a><\/div>\n<\/div>\n<\/div>\n\n\n\n<div class=\"wp-block-column is-layout-flow wp-block-column-is-layout-flow\">\n<figure class=\"wp-block-image size-large\"><img loading=\"lazy\" decoding=\"async\" width=\"1024\" height=\"683\" src=\"https:\/\/v2lconsultant.fr\/wp-content\/uploads\/2021\/03\/cookie-the-pom-gySMaocSdqs-unsplash-1024x683.jpg\" alt=\"Un renard avec des lunettes regarde un \u00e9cran d'ordinateur portable\" class=\"wp-image-1101\" srcset=\"https:\/\/v2lconsultant.fr\/wp-content\/uploads\/2021\/03\/cookie-the-pom-gySMaocSdqs-unsplash-1024x683.jpg 1024w, https:\/\/v2lconsultant.fr\/wp-content\/uploads\/2021\/03\/cookie-the-pom-gySMaocSdqs-unsplash-300x200.jpg 300w, https:\/\/v2lconsultant.fr\/wp-content\/uploads\/2021\/03\/cookie-the-pom-gySMaocSdqs-unsplash-768x512.jpg 768w, https:\/\/v2lconsultant.fr\/wp-content\/uploads\/2021\/03\/cookie-the-pom-gySMaocSdqs-unsplash-1536x1024.jpg 1536w, https:\/\/v2lconsultant.fr\/wp-content\/uploads\/2021\/03\/cookie-the-pom-gySMaocSdqs-unsplash-2048x1365.jpg 2048w, https:\/\/v2lconsultant.fr\/wp-content\/uploads\/2021\/03\/cookie-the-pom-gySMaocSdqs-unsplash-scaled.jpg 1920w\" sizes=\"auto, (max-width: 1024px) 100vw, 1024px\" \/><\/figure>\n<\/div>\n<\/div>\n\n\n\n<div style=\"height:54px\" aria-hidden=\"true\" class=\"wp-block-spacer\"><\/div>\n\n\n\n<h1 class=\"wp-block-heading\"><strong>Nous contacter<\/strong><\/h1>\n\n\n\n<hr class=\"wp-block-separator has-alpha-channel-opacity\"\/>\n\n\n<div class=\"frm_forms  with_frm_style frm_style_style-formidable\" id=\"frm_form_2_container\" data-token=\"83d15d8783c6765dec09291b041ff7ba\">\n<form enctype=\"multipart\/form-data\" method=\"post\" class=\"frm-show-form \" id=\"form_contact-us\" data-token=\"83d15d8783c6765dec09291b041ff7ba\">\n<div class=\"frm_form_fields \">\n<fieldset>\n<legend class=\"frm_screen_reader\">Contact Us<\/legend>\r\n\r\n<div class=\"frm_fields_container\">\n<input type=\"hidden\" name=\"frm_action\" value=\"create\" \/>\n<input type=\"hidden\" name=\"form_id\" value=\"2\" \/>\n<input type=\"hidden\" name=\"frm_hide_fields_2\" id=\"frm_hide_fields_2\" value=\"\" \/>\n<input type=\"hidden\" name=\"form_key\" value=\"contact-us\" \/>\n<input type=\"hidden\" name=\"item_meta[0]\" value=\"\" \/>\n<input type=\"hidden\" id=\"frm_submit_entry_2\" name=\"frm_submit_entry_2\" value=\"f3373d2ca8\" \/><input type=\"hidden\" name=\"_wp_http_referer\" value=\"\/index.php\/wp-json\/wp\/v2\/pages\/44\" \/><div id=\"frm_field_6_container\" class=\"frm_form_field form-field  frm_required_field frm_top_container frm_first frm_half\">\n\t<label for=\"field_qh4icy2\" id=\"field_qh4icy2_label\" class=\"frm_primary_label\">Pr\u00e9nom\n\t\t<span class=\"frm_required\" aria-hidden=\"true\">*<\/span>\n\t<\/label>\n\t<input type=\"text\" id=\"field_qh4icy2\" name=\"item_meta[6]\" value=\"\"  data-reqmsg=\"Pr\u00e9nom ne peut pas \u00eatre vide.\" aria-required=\"true\" data-invmsg=\"Pr\u00e9nom est non valide\" aria-invalid=\"false\"  \/>\n\t\n\t\n<\/div>\n<div id=\"frm_field_7_container\" class=\"frm_form_field form-field  frm_required_field frm_top_container frm_half\">\n\t<label for=\"field_ocfup12\" id=\"field_ocfup12_label\" class=\"frm_primary_label\">Nom\n\t\t<span class=\"frm_required\" aria-hidden=\"true\">*<\/span>\n\t<\/label>\n\t<input type=\"text\" id=\"field_ocfup12\" name=\"item_meta[7]\" value=\"\"  data-reqmsg=\"Nom ne peut pas \u00eatre vide.\" aria-required=\"true\" data-invmsg=\"Nom est non valide\" aria-invalid=\"false\"  \/>\n\t\n\t\n<\/div>\n<div id=\"frm_field_8_container\" class=\"frm_form_field form-field  frm_required_field frm_top_container frm6 frm_first\">\n\t<label for=\"field_29yf4d2\" id=\"field_29yf4d2_label\" class=\"frm_primary_label\">Email\n\t\t<span class=\"frm_required\" aria-hidden=\"true\">*<\/span>\n\t<\/label>\n\t<input type=\"email\" id=\"field_29yf4d2\" name=\"item_meta[8]\" value=\"\"  data-reqmsg=\"Email ne peut pas \u00eatre vide.\" aria-required=\"true\" data-invmsg=\"Please enter a valid email address\" aria-invalid=\"false\"  \/>\n\t\n\t\n<\/div>\n<div id=\"frm_field_12_container\" class=\"frm_form_field form-field  frm_top_container frm6\">\n\t<label for=\"field_hqgzy\" id=\"field_hqgzy_label\" class=\"frm_primary_label\">T\u00e9l\u00e9phone\n\t\t<span class=\"frm_required\" aria-hidden=\"true\"><\/span>\n\t<\/label>\n\t<input type=\"tel\" id=\"field_hqgzy\" name=\"item_meta[12]\" value=\"\"  data-invmsg=\"T\u00e9l\u00e9phone est non valide\" aria-invalid=\"false\" pattern=\"((\\+\\d{1,3}(-|.| )?\\(?\\d\\)?(-| |.)?\\d{1,5})|(\\(?\\d{2,6}\\)?))(-|.| )?(\\d{3,4})(-|.| )?(\\d{4})(( x| ext)\\d{1,5}){0,1}$\"  \/>\n\t\n\t\n<\/div>\n<div id=\"frm_field_14_container\" class=\"frm_form_field form-field  frm_top_container\">\n\t<label for=\"field_4y7r6\" id=\"field_4y7r6_label\" class=\"frm_primary_label\">Objet de votre demande\n\t\t<span class=\"frm_required\" aria-hidden=\"true\"><\/span>\n\t<\/label>\n\t\t\t<select name=\"item_meta[14]\" id=\"field_4y7r6\"  data-invmsg=\"Objet de votre demande est non valide\" aria-invalid=\"false\"  >\n\t\t<option  value=\"Projet RH ou formation\">Projet RH ou formation<\/option><option  value=\"Coaching en \u00e9volution professionnelle\">Coaching en \u00e9volution professionnelle<\/option><option  value=\"Hypnose\">Hypnose<\/option>\t<\/select>\n\t\n\t\n\t\n<\/div>\n<div id=\"frm_field_10_container\" class=\"frm_form_field form-field  frm_required_field frm_top_container frm_full\">\n\t<label for=\"field_9jv0r12\" id=\"field_9jv0r12_label\" class=\"frm_primary_label\">Message\n\t\t<span class=\"frm_required\" aria-hidden=\"true\">*<\/span>\n\t<\/label>\n\t<textarea name=\"item_meta[10]\" id=\"field_9jv0r12\" rows=\"5\"  data-reqmsg=\"Message ne peut pas \u00eatre vide.\" aria-required=\"true\" data-invmsg=\"Message est non valide\" aria-invalid=\"false\"  ><\/textarea>\n\t\n\t\n<\/div>\n<div id=\"frm_field_13_container\" class=\"frm_form_field form-field  frm_none_container\">\n\t<label for=\"g-recaptcha-response\" id=\"field_q36jx_label\" class=\"frm_primary_label\">Captcha\n\t\t<span class=\"frm_required\" aria-hidden=\"true\"><\/span>\n\t<\/label>\n\t\n\t\n\t\n<\/div>\n<div id=\"frm_field_11_container\" class=\"frm_form_field form-field \">\n\t<div class=\"frm_submit\">\r\n\r\n<button class=\"frm_button_submit\" type=\"submit\"  >Envoyer<\/button>\r\n\r\n<\/div>\n<\/div>\n\t<input type=\"hidden\" name=\"item_key\" value=\"\" \/>\n\t\t\t<div id=\"frm_field_15_container\">\n\t\t\t<label for=\"field_m6mwi\" >\n\t\t\t\tSi vous \u00eates un humain, ne remplissez pas ce champ.\t\t\t<\/label>\n\t\t\t<input  id=\"field_m6mwi\" type=\"text\" class=\"frm_form_field form-field frm_verify\" name=\"item_meta[15]\" value=\"\"  \/>\n\t\t<\/div>\n\t\t<input name=\"frm_state\" type=\"hidden\" value=\"76v4VNAonOOoF2wrTQZzSoXoLkbrc1PJE3f2rfEZypM=\" \/><\/div>\n<\/fieldset>\n<\/div>\n\n<p style=\"display: none !important;\" class=\"akismet-fields-container\" data-prefix=\"ak_\"><label>&#916;<textarea name=\"ak_hp_textarea\" cols=\"45\" rows=\"8\" maxlength=\"100\"><\/textarea><\/label><input type=\"hidden\" id=\"ak_js_1\" name=\"ak_js\" value=\"53\"\/><script>document.getElementById( \"ak_js_1\" ).setAttribute( \"value\", ( new Date() ).getTime() );<\/script><\/p><\/form>\n<\/div>\n\n\n\n<div class=\"wp-block-columns is-layout-flex wp-container-core-columns-is-layout-9d6595d7 wp-block-columns-is-layout-flex\">\n<div class=\"wp-block-column is-layout-flow wp-block-column-is-layout-flow\">\n<div class=\"wp-block-buttons is-content-justification-center is-layout-flex wp-container-core-buttons-is-layout-16018d1d wp-block-buttons-is-layout-flex\">\n<div class=\"wp-block-button has-custom-width wp-block-button__width-50\"><a class=\"wp-block-button__link has-background wp-element-button\" href=\"https:\/\/www.linkedin.com\/in\/veroniquelelann13\/\" style=\"background-color:#42326e\"><strong>Linkedin<\/strong><\/a><\/div>\n<\/div>\n<\/div>\n\n\n\n<div class=\"wp-block-column is-layout-flow wp-block-column-is-layout-flow\">\n<div class=\"wp-block-buttons is-content-justification-center is-layout-flex wp-container-core-buttons-is-layout-16018d1d wp-block-buttons-is-layout-flex\">\n<div class=\"wp-block-button has-custom-width wp-block-button__width-50\"><a class=\"wp-block-button__link has-black-color has-text-color has-background has-link-color wp-element-button\" href=\"https:\/\/www.facebook.com\/v2lconsultant\" style=\"background-color:#c7b693\"><strong>Facebook<\/strong><\/a><\/div>\n<\/div>\n<\/div>\n<\/div>\n\n\n\n<div style=\"height:100px\" aria-hidden=\"true\" class=\"wp-block-spacer\"><\/div>\n\n\n\n<div class=\"wp-block-columns is-layout-flex wp-container-core-columns-is-layout-9d6595d7 wp-block-columns-is-layout-flex\">\n<div class=\"wp-block-column is-layout-flow wp-block-column-is-layout-flow\">\n<figure class=\"wp-block-image alignwide size-large\"><img loading=\"lazy\" decoding=\"async\" width=\"1024\" height=\"612\" src=\"https:\/\/v2lconsultant.fr\/wp-content\/uploads\/2022\/08\/LOGO-V2L_NOIR_BASE-LINE-1024x612.jpg\" alt=\"\" class=\"wp-image-1698\" srcset=\"https:\/\/v2lconsultant.fr\/wp-content\/uploads\/2022\/08\/LOGO-V2L_NOIR_BASE-LINE-1024x612.jpg 1024w, https:\/\/v2lconsultant.fr\/wp-content\/uploads\/2022\/08\/LOGO-V2L_NOIR_BASE-LINE-300x179.jpg 300w, https:\/\/v2lconsultant.fr\/wp-content\/uploads\/2022\/08\/LOGO-V2L_NOIR_BASE-LINE-768x459.jpg 768w, https:\/\/v2lconsultant.fr\/wp-content\/uploads\/2022\/08\/LOGO-V2L_NOIR_BASE-LINE-1536x917.jpg 1536w, https:\/\/v2lconsultant.fr\/wp-content\/uploads\/2022\/08\/LOGO-V2L_NOIR_BASE-LINE.jpg 1733w\" sizes=\"auto, (max-width: 1024px) 100vw, 1024px\" \/><\/figure>\n<\/div>\n<\/div>\n","protected":false},"excerpt":{"rendered":"<p>Coordonn\u00e9es V2L Consultant V\u00e9ronique Le Lann, consultant rh freelance, coach carri\u00e8re et bien-\u00eatre Adresse : 5 rue Maurice Labrousse 92160 ANTONY RER B Antony, \u00e0 1 minute \u00e0 pied de la gare, Parking public en face T\u00e9l: 07 62 96 79 03 Prendre rendez-vous en ligne Nous contacter<\/p>\n","protected":false},"author":2,"featured_media":0,"parent":0,"menu_order":0,"comment_status":"closed","ping_status":"closed","template":"","meta":{"footnotes":""},"class_list":["post-44","page","type-page","status-publish","hentry"],"yoast_head":"<!-- This site is optimized with the Yoast SEO plugin v27.4 - https:\/\/yoast.com\/product\/yoast-seo-wordpress\/ -->\n<title>Contact - V2L Consultant<\/title>\n<meta name=\"description\" content=\"V\u00e9ronique Le Lann, une consultant rh freelance \u00e0 Antony ou \u00e0 distance sp\u00e9cialis\u00e9 en gestion de projets rh, formation, coaching et hypnose\" \/>\n<meta name=\"robots\" content=\"index, follow, max-snippet:-1, max-image-preview:large, max-video-preview:-1\" \/>\n<link rel=\"canonical\" href=\"https:\/\/v2lconsultant.fr\/index.php\/contact-v2l-consultant\/\" \/>\n<meta property=\"og:locale\" content=\"fr_FR\" \/>\n<meta property=\"og:type\" content=\"article\" \/>\n<meta property=\"og:title\" content=\"Contact - V2L Consultant\" \/>\n<meta property=\"og:description\" content=\"V\u00e9ronique Le Lann, une consultant rh freelance \u00e0 Antony ou \u00e0 distance sp\u00e9cialis\u00e9 en gestion de projets rh, formation, coaching et hypnose\" \/>\n<meta property=\"og:url\" content=\"https:\/\/v2lconsultant.fr\/index.php\/contact-v2l-consultant\/\" \/>\n<meta property=\"og:site_name\" content=\"V2L Consultant\" \/>\n<meta property=\"article:publisher\" content=\"https:\/\/www.facebook.com\/v2lconsultant\" \/>\n<meta property=\"article:modified_time\" content=\"2025-03-23T12:30:44+00:00\" \/>\n<meta property=\"og:image\" content=\"https:\/\/v2lconsultant.fr\/wp-content\/uploads\/2021\/03\/quino-al-8gWEAAXJjtI-unsplash-scaled.jpg\" \/>\n\t<meta property=\"og:image:width\" content=\"1920\" \/>\n\t<meta property=\"og:image:height\" content=\"1280\" \/>\n\t<meta property=\"og:image:type\" content=\"image\/jpeg\" \/>\n<meta name=\"twitter:card\" content=\"summary_large_image\" \/>\n<meta name=\"twitter:label1\" content=\"Dur\u00e9e de lecture estim\u00e9e\" \/>\n\t<meta name=\"twitter:data1\" content=\"1 minute\" \/>\n<script type=\"application\/ld+json\" class=\"yoast-schema-graph\">{\"@context\":\"https:\\\/\\\/schema.org\",\"@graph\":[{\"@type\":\"WebPage\",\"@id\":\"https:\\\/\\\/v2lconsultant.fr\\\/index.php\\\/contact-v2l-consultant\\\/\",\"url\":\"https:\\\/\\\/v2lconsultant.fr\\\/index.php\\\/contact-v2l-consultant\\\/\",\"name\":\"Contact - V2L Consultant\",\"isPartOf\":{\"@id\":\"https:\\\/\\\/v2lconsultant.fr\\\/#website\"},\"primaryImageOfPage\":{\"@id\":\"https:\\\/\\\/v2lconsultant.fr\\\/index.php\\\/contact-v2l-consultant\\\/#primaryimage\"},\"image\":{\"@id\":\"https:\\\/\\\/v2lconsultant.fr\\\/index.php\\\/contact-v2l-consultant\\\/#primaryimage\"},\"thumbnailUrl\":\"https:\\\/\\\/v2lconsultant.fr\\\/wp-content\\\/uploads\\\/2021\\\/03\\\/quino-al-8gWEAAXJjtI-unsplash-1024x683.jpg\",\"datePublished\":\"2020-02-14T13:05:26+00:00\",\"dateModified\":\"2025-03-23T12:30:44+00:00\",\"description\":\"V\u00e9ronique Le Lann, une consultant rh freelance \u00e0 Antony ou \u00e0 distance sp\u00e9cialis\u00e9 en gestion de projets rh, formation, coaching et hypnose\",\"breadcrumb\":{\"@id\":\"https:\\\/\\\/v2lconsultant.fr\\\/index.php\\\/contact-v2l-consultant\\\/#breadcrumb\"},\"inLanguage\":\"fr-FR\",\"potentialAction\":[{\"@type\":\"ReadAction\",\"target\":[\"https:\\\/\\\/v2lconsultant.fr\\\/index.php\\\/contact-v2l-consultant\\\/\"]}]},{\"@type\":\"ImageObject\",\"inLanguage\":\"fr-FR\",\"@id\":\"https:\\\/\\\/v2lconsultant.fr\\\/index.php\\\/contact-v2l-consultant\\\/#primaryimage\",\"url\":\"https:\\\/\\\/v2lconsultant.fr\\\/wp-content\\\/uploads\\\/2021\\\/03\\\/quino-al-8gWEAAXJjtI-unsplash-scaled.jpg\",\"contentUrl\":\"https:\\\/\\\/v2lconsultant.fr\\\/wp-content\\\/uploads\\\/2021\\\/03\\\/quino-al-8gWEAAXJjtI-unsplash-scaled.jpg\",\"width\":1920,\"height\":1280},{\"@type\":\"BreadcrumbList\",\"@id\":\"https:\\\/\\\/v2lconsultant.fr\\\/index.php\\\/contact-v2l-consultant\\\/#breadcrumb\",\"itemListElement\":[{\"@type\":\"ListItem\",\"position\":1,\"name\":\"Accueil\",\"item\":\"https:\\\/\\\/v2lconsultant.fr\\\/\"},{\"@type\":\"ListItem\",\"position\":2,\"name\":\"Contact\"}]},{\"@type\":\"WebSite\",\"@id\":\"https:\\\/\\\/v2lconsultant.fr\\\/#website\",\"url\":\"https:\\\/\\\/v2lconsultant.fr\\\/\",\"name\":\"V2Lconsultant\",\"description\":\"FAITES DE VOTRE PROJET, UN REVE CONCRET!\",\"publisher\":{\"@id\":\"https:\\\/\\\/v2lconsultant.fr\\\/#organization\"},\"potentialAction\":[{\"@type\":\"SearchAction\",\"target\":{\"@type\":\"EntryPoint\",\"urlTemplate\":\"https:\\\/\\\/v2lconsultant.fr\\\/?s={search_term_string}\"},\"query-input\":{\"@type\":\"PropertyValueSpecification\",\"valueRequired\":true,\"valueName\":\"search_term_string\"}}],\"inLanguage\":\"fr-FR\"},{\"@type\":\"Organization\",\"@id\":\"https:\\\/\\\/v2lconsultant.fr\\\/#organization\",\"name\":\"V2L consultant\",\"url\":\"https:\\\/\\\/v2lconsultant.fr\\\/\",\"logo\":{\"@type\":\"ImageObject\",\"inLanguage\":\"fr-FR\",\"@id\":\"https:\\\/\\\/v2lconsultant.fr\\\/#\\\/schema\\\/logo\\\/image\\\/\",\"url\":\"https:\\\/\\\/v2lconsultant.fr\\\/wp-content\\\/uploads\\\/2020\\\/02\\\/LOGO-V2L_NOIR_BASE-LINE_150-90.jpg\",\"contentUrl\":\"https:\\\/\\\/v2lconsultant.fr\\\/wp-content\\\/uploads\\\/2020\\\/02\\\/LOGO-V2L_NOIR_BASE-LINE_150-90.jpg\",\"width\":150,\"height\":90,\"caption\":\"V2L consultant\"},\"image\":{\"@id\":\"https:\\\/\\\/v2lconsultant.fr\\\/#\\\/schema\\\/logo\\\/image\\\/\"},\"sameAs\":[\"https:\\\/\\\/www.facebook.com\\\/v2lconsultant\",\"https:\\\/\\\/www.linkedin.com\\\/in\\\/veroniquelelann13\\\/\"]}]}<\/script>\n<!-- \/ Yoast SEO plugin. -->","yoast_head_json":{"title":"Contact - V2L Consultant","description":"V\u00e9ronique Le Lann, une consultant rh freelance \u00e0 Antony ou \u00e0 distance sp\u00e9cialis\u00e9 en gestion de projets rh, formation, coaching et hypnose","robots":{"index":"index","follow":"follow","max-snippet":"max-snippet:-1","max-image-preview":"max-image-preview:large","max-video-preview":"max-video-preview:-1"},"canonical":"https:\/\/v2lconsultant.fr\/index.php\/contact-v2l-consultant\/","og_locale":"fr_FR","og_type":"article","og_title":"Contact - V2L Consultant","og_description":"V\u00e9ronique Le Lann, une consultant rh freelance \u00e0 Antony ou \u00e0 distance sp\u00e9cialis\u00e9 en gestion de projets rh, formation, coaching et hypnose","og_url":"https:\/\/v2lconsultant.fr\/index.php\/contact-v2l-consultant\/","og_site_name":"V2L Consultant","article_publisher":"https:\/\/www.facebook.com\/v2lconsultant","article_modified_time":"2025-03-23T12:30:44+00:00","og_image":[{"width":1920,"height":1280,"url":"https:\/\/v2lconsultant.fr\/wp-content\/uploads\/2021\/03\/quino-al-8gWEAAXJjtI-unsplash-scaled.jpg","type":"image\/jpeg"}],"twitter_card":"summary_large_image","twitter_misc":{"Dur\u00e9e de lecture estim\u00e9e":"1 minute"},"schema":{"@context":"https:\/\/schema.org","@graph":[{"@type":"WebPage","@id":"https:\/\/v2lconsultant.fr\/index.php\/contact-v2l-consultant\/","url":"https:\/\/v2lconsultant.fr\/index.php\/contact-v2l-consultant\/","name":"Contact - V2L Consultant","isPartOf":{"@id":"https:\/\/v2lconsultant.fr\/#website"},"primaryImageOfPage":{"@id":"https:\/\/v2lconsultant.fr\/index.php\/contact-v2l-consultant\/#primaryimage"},"image":{"@id":"https:\/\/v2lconsultant.fr\/index.php\/contact-v2l-consultant\/#primaryimage"},"thumbnailUrl":"https:\/\/v2lconsultant.fr\/wp-content\/uploads\/2021\/03\/quino-al-8gWEAAXJjtI-unsplash-1024x683.jpg","datePublished":"2020-02-14T13:05:26+00:00","dateModified":"2025-03-23T12:30:44+00:00","description":"V\u00e9ronique Le Lann, une consultant rh freelance \u00e0 Antony ou \u00e0 distance sp\u00e9cialis\u00e9 en gestion de projets rh, formation, coaching et hypnose","breadcrumb":{"@id":"https:\/\/v2lconsultant.fr\/index.php\/contact-v2l-consultant\/#breadcrumb"},"inLanguage":"fr-FR","potentialAction":[{"@type":"ReadAction","target":["https:\/\/v2lconsultant.fr\/index.php\/contact-v2l-consultant\/"]}]},{"@type":"ImageObject","inLanguage":"fr-FR","@id":"https:\/\/v2lconsultant.fr\/index.php\/contact-v2l-consultant\/#primaryimage","url":"https:\/\/v2lconsultant.fr\/wp-content\/uploads\/2021\/03\/quino-al-8gWEAAXJjtI-unsplash-scaled.jpg","contentUrl":"https:\/\/v2lconsultant.fr\/wp-content\/uploads\/2021\/03\/quino-al-8gWEAAXJjtI-unsplash-scaled.jpg","width":1920,"height":1280},{"@type":"BreadcrumbList","@id":"https:\/\/v2lconsultant.fr\/index.php\/contact-v2l-consultant\/#breadcrumb","itemListElement":[{"@type":"ListItem","position":1,"name":"Accueil","item":"https:\/\/v2lconsultant.fr\/"},{"@type":"ListItem","position":2,"name":"Contact"}]},{"@type":"WebSite","@id":"https:\/\/v2lconsultant.fr\/#website","url":"https:\/\/v2lconsultant.fr\/","name":"V2Lconsultant","description":"FAITES DE VOTRE PROJET, UN REVE CONCRET!","publisher":{"@id":"https:\/\/v2lconsultant.fr\/#organization"},"potentialAction":[{"@type":"SearchAction","target":{"@type":"EntryPoint","urlTemplate":"https:\/\/v2lconsultant.fr\/?s={search_term_string}"},"query-input":{"@type":"PropertyValueSpecification","valueRequired":true,"valueName":"search_term_string"}}],"inLanguage":"fr-FR"},{"@type":"Organization","@id":"https:\/\/v2lconsultant.fr\/#organization","name":"V2L consultant","url":"https:\/\/v2lconsultant.fr\/","logo":{"@type":"ImageObject","inLanguage":"fr-FR","@id":"https:\/\/v2lconsultant.fr\/#\/schema\/logo\/image\/","url":"https:\/\/v2lconsultant.fr\/wp-content\/uploads\/2020\/02\/LOGO-V2L_NOIR_BASE-LINE_150-90.jpg","contentUrl":"https:\/\/v2lconsultant.fr\/wp-content\/uploads\/2020\/02\/LOGO-V2L_NOIR_BASE-LINE_150-90.jpg","width":150,"height":90,"caption":"V2L consultant"},"image":{"@id":"https:\/\/v2lconsultant.fr\/#\/schema\/logo\/image\/"},"sameAs":["https:\/\/www.facebook.com\/v2lconsultant","https:\/\/www.linkedin.com\/in\/veroniquelelann13\/"]}]}},"_links":{"self":[{"href":"https:\/\/v2lconsultant.fr\/index.php\/wp-json\/wp\/v2\/pages\/44","targetHints":{"allow":["GET"]}}],"collection":[{"href":"https:\/\/v2lconsultant.fr\/index.php\/wp-json\/wp\/v2\/pages"}],"about":[{"href":"https:\/\/v2lconsultant.fr\/index.php\/wp-json\/wp\/v2\/types\/page"}],"author":[{"embeddable":true,"href":"https:\/\/v2lconsultant.fr\/index.php\/wp-json\/wp\/v2\/users\/2"}],"replies":[{"embeddable":true,"href":"https:\/\/v2lconsultant.fr\/index.php\/wp-json\/wp\/v2\/comments?post=44"}],"version-history":[{"count":157,"href":"https:\/\/v2lconsultant.fr\/index.php\/wp-json\/wp\/v2\/pages\/44\/revisions"}],"predecessor-version":[{"id":3352,"href":"https:\/\/v2lconsultant.fr\/index.php\/wp-json\/wp\/v2\/pages\/44\/revisions\/3352"}],"wp:attachment":[{"href":"https:\/\/v2lconsultant.fr\/index.php\/wp-json\/wp\/v2\/media?parent=44"}],"curies":[{"name":"wp","href":"https:\/\/api.w.org\/{rel}","templated":true}]}}